{"id":74003,"date":"2018-09-06T09:21:46","date_gmt":"2018-09-06T07:21:46","guid":{"rendered":"https:\/\/mercilouis.com\/produit\/drum-votive-large-size\/"},"modified":"2026-01-25T13:29:45","modified_gmt":"2026-01-25T12:29:45","slug":"drum-votive-large-size","status":"publish","type":"product","link":"https:\/\/mercilouis.com\/en\/produit\/drum-votive-large-size\/","title":{"rendered":"Drum Votive &#8211; Large Size"},"content":{"rendered":"<div id=\"wpmem_restricted_msg\"><p>Ce contenu est r\u00e9serv\u00e9 aux membres du site. Si vous \u00eates un utilisateur existant, veuillez vous connecter. Les nouveaux utilisateurs peuvent s\u2019inscrire ci-dessous.<\/p><\/div>","protected":false},"excerpt":{"rendered":"<p>Drum votive &#8211; Large model<\/p>\n","protected":false},"featured_media":77980,"template":"","meta":[],"product_brand":[],"product_cat":[401,403],"product_tag":[],"class_list":{"0":"post-74003","1":"product","2":"type-product","3":"status-publish","4":"has-post-thumbnail","6":"product_cat-table","7":"product_cat-lights","9":"first","10":"outofstock","11":"taxable","12":"shipping-taxable","13":"product-type-simple"},"group_of_quantity":0,"min_quantity":0,"max_quantity":"","exclude_order_quantity_value_rules":"no","exclude_category_quantity_rules":"no","combine_variations":"no","_links":{"self":[{"href":"https:\/\/mercilouis.com\/en\/wp-json\/wp\/v2\/product\/74003","targetHints":{"allow":["GET"]}}],"collection":[{"href":"https:\/\/mercilouis.com\/en\/wp-json\/wp\/v2\/product"}],"about":[{"href":"https:\/\/mercilouis.com\/en\/wp-json\/wp\/v2\/types\/product"}],"version-history":[{"count":0,"href":"https:\/\/mercilouis.com\/en\/wp-json\/wp\/v2\/product\/74003\/revisions"}],"wp:featuredmedia":[{"embeddable":true,"href":"https:\/\/mercilouis.com\/en\/wp-json\/wp\/v2\/media\/77980"}],"wp:attachment":[{"href":"https:\/\/mercilouis.com\/en\/wp-json\/wp\/v2\/media?parent=74003"}],"wp:term":[{"taxonomy":"product_brand","embeddable":true,"href":"https:\/\/mercilouis.com\/en\/wp-json\/wp\/v2\/product_brand?post=74003"},{"taxonomy":"product_cat","embeddable":true,"href":"https:\/\/mercilouis.com\/en\/wp-json\/wp\/v2\/product_cat?post=74003"},{"taxonomy":"product_tag","embeddable":true,"href":"https:\/\/mercilouis.com\/en\/wp-json\/wp\/v2\/product_tag?post=74003"}],"curies":[{"name":"wp","href":"https:\/\/api.w.org\/{rel}","templated":true}]}}