{"id":74431,"date":"2018-08-30T11:08:51","date_gmt":"2018-08-30T09:08:51","guid":{"rendered":"https:\/\/mercilouis.com\/produit\/a5-refill-150-sheets\/"},"modified":"2023-11-21T16:29:14","modified_gmt":"2023-11-21T15:29:14","slug":"a5-refill-150-sheets","status":"publish","type":"product","link":"https:\/\/mercilouis.com\/en\/produit\/a5-refill-150-sheets\/","title":{"rendered":"A5 Refill &#8211; 150 Sheets"},"content":{"rendered":"<div id=\"wpmem_restricted_msg\"><p>Ce contenu est r\u00e9serv\u00e9 aux membres du site. Si vous \u00eates un utilisateur existant, veuillez vous connecter. Les nouveaux utilisateurs peuvent s\u2019inscrire ci-dessous.<\/p><\/div>","protected":false},"excerpt":{"rendered":"<p>A5 paper refill &#8211; 150 sheets<\/p>\n","protected":false},"featured_media":77645,"template":"","meta":[],"product_brand":[],"product_cat":[402],"product_tag":[],"class_list":{"0":"post-74431","1":"product","2":"type-product","3":"status-publish","4":"has-post-thumbnail","6":"product_cat-office","8":"first","9":"outofstock","10":"taxable","11":"shipping-taxable","12":"product-type-simple"},"group_of_quantity":0,"min_quantity":0,"max_quantity":"","exclude_order_quantity_value_rules":"no","exclude_category_quantity_rules":"no","combine_variations":"no","_links":{"self":[{"href":"https:\/\/mercilouis.com\/en\/wp-json\/wp\/v2\/product\/74431","targetHints":{"allow":["GET"]}}],"collection":[{"href":"https:\/\/mercilouis.com\/en\/wp-json\/wp\/v2\/product"}],"about":[{"href":"https:\/\/mercilouis.com\/en\/wp-json\/wp\/v2\/types\/product"}],"version-history":[{"count":0,"href":"https:\/\/mercilouis.com\/en\/wp-json\/wp\/v2\/product\/74431\/revisions"}],"wp:featuredmedia":[{"embeddable":true,"href":"https:\/\/mercilouis.com\/en\/wp-json\/wp\/v2\/media\/77645"}],"wp:attachment":[{"href":"https:\/\/mercilouis.com\/en\/wp-json\/wp\/v2\/media?parent=74431"}],"wp:term":[{"taxonomy":"product_brand","embeddable":true,"href":"https:\/\/mercilouis.com\/en\/wp-json\/wp\/v2\/product_brand?post=74431"},{"taxonomy":"product_cat","embeddable":true,"href":"https:\/\/mercilouis.com\/en\/wp-json\/wp\/v2\/product_cat?post=74431"},{"taxonomy":"product_tag","embeddable":true,"href":"https:\/\/mercilouis.com\/en\/wp-json\/wp\/v2\/product_tag?post=74431"}],"curies":[{"name":"wp","href":"https:\/\/api.w.org\/{rel}","templated":true}]}}