{"id":74511,"date":"2018-08-27T13:08:44","date_gmt":"2018-08-27T11:08:44","guid":{"rendered":"https:\/\/mercilouis.com\/produit\/mini-floral-thread-wall-sconce\/"},"modified":"2026-01-25T13:29:44","modified_gmt":"2026-01-25T12:29:44","slug":"mini-floral-thread-wall-sconce","status":"publish","type":"product","link":"https:\/\/mercilouis.com\/en\/produit\/mini-floral-thread-wall-sconce\/","title":{"rendered":"Mini &#8220;Floral Thread&#8221; Wall Sconce"},"content":{"rendered":"<div id=\"wpmem_restricted_msg\"><p>Ce contenu est r\u00e9serv\u00e9 aux membres du site. Si vous \u00eates un utilisateur existant, veuillez vous connecter. Les nouveaux utilisateurs peuvent s\u2019inscrire ci-dessous.<\/p><\/div>","protected":false},"excerpt":{"rendered":"<p>Mini &#8220;Floral thread&#8221; wall sconce<\/p>\n","protected":false},"featured_media":77444,"template":"","meta":[],"product_brand":[],"product_cat":[403],"product_tag":[],"class_list":{"0":"post-74511","1":"product","2":"type-product","3":"status-publish","4":"has-post-thumbnail","6":"product_cat-lights","8":"first","9":"outofstock","10":"taxable","11":"shipping-taxable","12":"product-type-simple"},"group_of_quantity":0,"min_quantity":0,"max_quantity":"","exclude_order_quantity_value_rules":"no","exclude_category_quantity_rules":"no","combine_variations":"no","_links":{"self":[{"href":"https:\/\/mercilouis.com\/en\/wp-json\/wp\/v2\/product\/74511","targetHints":{"allow":["GET"]}}],"collection":[{"href":"https:\/\/mercilouis.com\/en\/wp-json\/wp\/v2\/product"}],"about":[{"href":"https:\/\/mercilouis.com\/en\/wp-json\/wp\/v2\/types\/product"}],"version-history":[{"count":0,"href":"https:\/\/mercilouis.com\/en\/wp-json\/wp\/v2\/product\/74511\/revisions"}],"wp:featuredmedia":[{"embeddable":true,"href":"https:\/\/mercilouis.com\/en\/wp-json\/wp\/v2\/media\/77444"}],"wp:attachment":[{"href":"https:\/\/mercilouis.com\/en\/wp-json\/wp\/v2\/media?parent=74511"}],"wp:term":[{"taxonomy":"product_brand","embeddable":true,"href":"https:\/\/mercilouis.com\/en\/wp-json\/wp\/v2\/product_brand?post=74511"},{"taxonomy":"product_cat","embeddable":true,"href":"https:\/\/mercilouis.com\/en\/wp-json\/wp\/v2\/product_cat?post=74511"},{"taxonomy":"product_tag","embeddable":true,"href":"https:\/\/mercilouis.com\/en\/wp-json\/wp\/v2\/product_tag?post=74511"}],"curies":[{"name":"wp","href":"https:\/\/api.w.org\/{rel}","templated":true}]}}