{"id":74930,"date":"2020-08-27T09:37:42","date_gmt":"2020-08-27T07:37:42","guid":{"rendered":"https:\/\/mercilouis.com\/?post_type=product&#038;p=74930"},"modified":"2023-11-26T11:57:57","modified_gmt":"2023-11-26T10:57:57","slug":"6-rosettes-paper-pendants","status":"publish","type":"product","link":"https:\/\/mercilouis.com\/en\/produit\/6-rosettes-paper-pendants\/","title":{"rendered":"6 &#8220;Rosettes&#8221; Paper Pendants"},"content":{"rendered":"<div id=\"wpmem_restricted_msg\"><p>Ce contenu est r\u00e9serv\u00e9 aux membres du site. Si vous \u00eates un utilisateur existant, veuillez vous connecter. Les nouveaux utilisateurs peuvent s\u2019inscrire ci-dessous.<\/p><\/div>","protected":false},"excerpt":{"rendered":"<p>Set of 6 &#8220;Rosettes&#8221; paper pendants<\/p>\n<table class=\"shop_attributes\">\n<tbody>\n<tr>\n<th>Dimensions<\/th>\n<td class=\"product_dimensions\">14cm<\/td>\n<\/tr>\n<tr>\n<th>Color(s)<\/th>\n<td>&#8211;<\/td>\n<\/tr>\n<tr>\n<th>Material(s)<\/th>\n<td>Coton<\/td>\n<\/tr>\n<\/tbody>\n<\/table>\n","protected":false},"featured_media":78985,"template":"","meta":[],"product_brand":[],"product_cat":[400],"product_tag":[],"class_list":{"0":"post-74930","1":"product","2":"type-product","3":"status-publish","4":"has-post-thumbnail","6":"product_cat-home","8":"first","9":"outofstock","10":"taxable","11":"shipping-taxable","12":"product-type-simple"},"group_of_quantity":0,"min_quantity":0,"max_quantity":"","exclude_order_quantity_value_rules":"no","exclude_category_quantity_rules":"no","combine_variations":"no","_links":{"self":[{"href":"https:\/\/mercilouis.com\/en\/wp-json\/wp\/v2\/product\/74930","targetHints":{"allow":["GET"]}}],"collection":[{"href":"https:\/\/mercilouis.com\/en\/wp-json\/wp\/v2\/product"}],"about":[{"href":"https:\/\/mercilouis.com\/en\/wp-json\/wp\/v2\/types\/product"}],"version-history":[{"count":0,"href":"https:\/\/mercilouis.com\/en\/wp-json\/wp\/v2\/product\/74930\/revisions"}],"wp:featuredmedia":[{"embeddable":true,"href":"https:\/\/mercilouis.com\/en\/wp-json\/wp\/v2\/media\/78985"}],"wp:attachment":[{"href":"https:\/\/mercilouis.com\/en\/wp-json\/wp\/v2\/media?parent=74930"}],"wp:term":[{"taxonomy":"product_brand","embeddable":true,"href":"https:\/\/mercilouis.com\/en\/wp-json\/wp\/v2\/product_brand?post=74930"},{"taxonomy":"product_cat","embeddable":true,"href":"https:\/\/mercilouis.com\/en\/wp-json\/wp\/v2\/product_cat?post=74930"},{"taxonomy":"product_tag","embeddable":true,"href":"https:\/\/mercilouis.com\/en\/wp-json\/wp\/v2\/product_tag?post=74930"}],"curies":[{"name":"wp","href":"https:\/\/api.w.org\/{rel}","templated":true}]}}