{"id":75389,"date":"2020-09-16T08:53:18","date_gmt":"2020-09-16T06:53:18","guid":{"rendered":"https:\/\/mercilouis.com\/?post_type=product&#038;p=75389"},"modified":"2024-09-07T15:10:47","modified_gmt":"2024-09-07T13:10:47","slug":"6-le-jardin-placemats","status":"publish","type":"product","link":"https:\/\/mercilouis.com\/en\/produit\/6-le-jardin-placemats\/","title":{"rendered":"6 &#8220;Le Jardin&#8221; Placemats"},"content":{"rendered":"<div id=\"wpmem_restricted_msg\"><p>Ce contenu est r\u00e9serv\u00e9 aux membres du site. Si vous \u00eates un utilisateur existant, veuillez vous connecter. Les nouveaux utilisateurs peuvent s\u2019inscrire ci-dessous.<\/p><\/div>","protected":false},"excerpt":{"rendered":"<p>Set of 6 &#8220;Le Jardin&#8221; printed placemats<\/p>\n<table class=\"shop_attributes\">\n<tbody>\n<tr>\n<th>Dimensions<\/th>\n<td class=\"product_dimensions\">17.7 x 12.6<\/td>\n<\/tr>\n<tr>\n<th>Coulor(s)<\/th>\n<td>Antique Off-white<\/td>\n<\/tr>\n<tr>\n<th>Material(s)<\/th>\n<td>100% coton<\/td>\n<\/tr>\n<\/tbody>\n<\/table>\n","protected":false},"featured_media":79125,"template":"","meta":[],"product_brand":[],"product_cat":[401],"product_tag":[],"class_list":{"0":"post-75389","1":"product","2":"type-product","3":"status-publish","4":"has-post-thumbnail","6":"product_cat-table","8":"first","9":"instock","10":"taxable","11":"shipping-taxable","12":"product-type-simple"},"group_of_quantity":0,"min_quantity":0,"max_quantity":"","exclude_order_quantity_value_rules":"no","exclude_category_quantity_rules":"no","combine_variations":"no","_links":{"self":[{"href":"https:\/\/mercilouis.com\/en\/wp-json\/wp\/v2\/product\/75389","targetHints":{"allow":["GET"]}}],"collection":[{"href":"https:\/\/mercilouis.com\/en\/wp-json\/wp\/v2\/product"}],"about":[{"href":"https:\/\/mercilouis.com\/en\/wp-json\/wp\/v2\/types\/product"}],"version-history":[{"count":0,"href":"https:\/\/mercilouis.com\/en\/wp-json\/wp\/v2\/product\/75389\/revisions"}],"wp:featuredmedia":[{"embeddable":true,"href":"https:\/\/mercilouis.com\/en\/wp-json\/wp\/v2\/media\/79125"}],"wp:attachment":[{"href":"https:\/\/mercilouis.com\/en\/wp-json\/wp\/v2\/media?parent=75389"}],"wp:term":[{"taxonomy":"product_brand","embeddable":true,"href":"https:\/\/mercilouis.com\/en\/wp-json\/wp\/v2\/product_brand?post=75389"},{"taxonomy":"product_cat","embeddable":true,"href":"https:\/\/mercilouis.com\/en\/wp-json\/wp\/v2\/product_cat?post=75389"},{"taxonomy":"product_tag","embeddable":true,"href":"https:\/\/mercilouis.com\/en\/wp-json\/wp\/v2\/product_tag?post=75389"}],"curies":[{"name":"wp","href":"https:\/\/api.w.org\/{rel}","templated":true}]}}