{"id":76075,"date":"2021-10-11T14:52:20","date_gmt":"2021-10-11T12:52:20","guid":{"rendered":"https:\/\/mercilouis.com\/?post_type=product&#038;p=76075"},"modified":"2025-07-16T10:17:53","modified_gmt":"2025-07-16T08:17:53","slug":"sun-rays-candle-holder","status":"publish","type":"product","link":"https:\/\/mercilouis.com\/en\/produit\/sun-rays-candle-holder\/","title":{"rendered":"&#8220;Sun Rays&#8221; candle holder"},"content":{"rendered":"<div id=\"wpmem_restricted_msg\"><p>Ce contenu est r\u00e9serv\u00e9 aux membres du site. Si vous \u00eates un utilisateur existant, veuillez vous connecter. Les nouveaux utilisateurs peuvent s\u2019inscrire ci-dessous.<\/p><\/div>","protected":false},"excerpt":{"rendered":"<p>Sun rays candle holder<\/p>\n<table class=\"shop_attributes\">\n<tbody>\n<tr>\n<th>Dimensions<\/th>\n<td class=\"product_dimensions\">15 \/ 15 \/ 3,5<\/td>\n<\/tr>\n<tr>\n<th>Couleur(s)<\/th>\n<td>Antic brass<\/td>\n<\/tr>\n<tr>\n<th>Mati\u00e8re(s)<\/th>\n<td>Metal<\/td>\n<\/tr>\n<\/tbody>\n<\/table>\n","protected":false},"featured_media":79238,"template":"","meta":[],"product_brand":[],"product_cat":[403],"product_tag":[],"class_list":{"0":"post-76075","1":"product","2":"type-product","3":"status-publish","4":"has-post-thumbnail","6":"product_cat-lights","8":"first","9":"outofstock","10":"taxable","11":"shipping-taxable","12":"product-type-simple"},"group_of_quantity":2,"min_quantity":0,"max_quantity":"","exclude_order_quantity_value_rules":"no","exclude_category_quantity_rules":"no","combine_variations":"no","_links":{"self":[{"href":"https:\/\/mercilouis.com\/en\/wp-json\/wp\/v2\/product\/76075","targetHints":{"allow":["GET"]}}],"collection":[{"href":"https:\/\/mercilouis.com\/en\/wp-json\/wp\/v2\/product"}],"about":[{"href":"https:\/\/mercilouis.com\/en\/wp-json\/wp\/v2\/types\/product"}],"version-history":[{"count":1,"href":"https:\/\/mercilouis.com\/en\/wp-json\/wp\/v2\/product\/76075\/revisions"}],"predecessor-version":[{"id":81738,"href":"https:\/\/mercilouis.com\/en\/wp-json\/wp\/v2\/product\/76075\/revisions\/81738"}],"wp:featuredmedia":[{"embeddable":true,"href":"https:\/\/mercilouis.com\/en\/wp-json\/wp\/v2\/media\/79238"}],"wp:attachment":[{"href":"https:\/\/mercilouis.com\/en\/wp-json\/wp\/v2\/media?parent=76075"}],"wp:term":[{"taxonomy":"product_brand","embeddable":true,"href":"https:\/\/mercilouis.com\/en\/wp-json\/wp\/v2\/product_brand?post=76075"},{"taxonomy":"product_cat","embeddable":true,"href":"https:\/\/mercilouis.com\/en\/wp-json\/wp\/v2\/product_cat?post=76075"},{"taxonomy":"product_tag","embeddable":true,"href":"https:\/\/mercilouis.com\/en\/wp-json\/wp\/v2\/product_tag?post=76075"}],"curies":[{"name":"wp","href":"https:\/\/api.w.org\/{rel}","templated":true}]}}