{"id":76206,"date":"2023-01-26T17:03:31","date_gmt":"2023-01-26T16:18:36","guid":{"rendered":"https:\/\/mercilouis.com\/?post_type=product&#038;p=76206"},"modified":"2023-09-26T00:13:59","modified_gmt":"2023-09-25T22:13:59","slug":"6-signatures-placemats","status":"publish","type":"product","link":"https:\/\/mercilouis.com\/en\/produit\/6-signatures-placemats\/","title":{"rendered":"6 &#8220;Signatures&#8221; Placemats"},"content":{"rendered":"<div id=\"wpmem_restricted_msg\"><p>Ce contenu est r\u00e9serv\u00e9 aux membres du site. Si vous \u00eates un utilisateur existant, veuillez vous connecter. Les nouveaux utilisateurs peuvent s\u2019inscrire ci-dessous.<\/p><\/div>","protected":false},"excerpt":{"rendered":"<p>Set of 6 &#8220;Le Jardin&#8221; printed placemats<\/p>\n<table class=\"shop_attributes\">\n<tbody>\n<tr>\n<th>Dimensions<\/th>\n<td class=\"product_dimensions\">17.7 x 12.6<\/td>\n<\/tr>\n<tr>\n<th>Coulor(s)<\/th>\n<td>Antique Off-white<\/td>\n<\/tr>\n<tr>\n<th>Material(s)<\/th>\n<td>100% coton<\/td>\n<\/tr>\n<\/tbody>\n<\/table>\n","protected":false},"featured_media":79129,"template":"","meta":[],"product_brand":[],"product_cat":[401],"product_tag":[],"class_list":{"0":"post-76206","1":"product","2":"type-product","3":"status-publish","4":"has-post-thumbnail","6":"product_cat-table","8":"first","9":"instock","10":"taxable","11":"shipping-taxable","12":"product-type-simple"},"group_of_quantity":0,"min_quantity":0,"max_quantity":"","exclude_order_quantity_value_rules":"no","exclude_category_quantity_rules":"no","combine_variations":"no","_links":{"self":[{"href":"https:\/\/mercilouis.com\/en\/wp-json\/wp\/v2\/product\/76206","targetHints":{"allow":["GET"]}}],"collection":[{"href":"https:\/\/mercilouis.com\/en\/wp-json\/wp\/v2\/product"}],"about":[{"href":"https:\/\/mercilouis.com\/en\/wp-json\/wp\/v2\/types\/product"}],"version-history":[{"count":0,"href":"https:\/\/mercilouis.com\/en\/wp-json\/wp\/v2\/product\/76206\/revisions"}],"wp:featuredmedia":[{"embeddable":true,"href":"https:\/\/mercilouis.com\/en\/wp-json\/wp\/v2\/media\/79129"}],"wp:attachment":[{"href":"https:\/\/mercilouis.com\/en\/wp-json\/wp\/v2\/media?parent=76206"}],"wp:term":[{"taxonomy":"product_brand","embeddable":true,"href":"https:\/\/mercilouis.com\/en\/wp-json\/wp\/v2\/product_brand?post=76206"},{"taxonomy":"product_cat","embeddable":true,"href":"https:\/\/mercilouis.com\/en\/wp-json\/wp\/v2\/product_cat?post=76206"},{"taxonomy":"product_tag","embeddable":true,"href":"https:\/\/mercilouis.com\/en\/wp-json\/wp\/v2\/product_tag?post=76206"}],"curies":[{"name":"wp","href":"https:\/\/api.w.org\/{rel}","templated":true}]}}