{"id":76307,"date":"2023-01-29T13:53:42","date_gmt":"2023-01-29T12:53:42","guid":{"rendered":"https:\/\/mercilouis.com\/?post_type=product&#038;p=76307"},"modified":"2025-01-31T21:06:58","modified_gmt":"2025-01-31T20:06:58","slug":"set-of-two-notebooks-open-your-heart","status":"publish","type":"product","link":"https:\/\/mercilouis.com\/en\/produit\/set-of-two-notebooks-open-your-heart\/","title":{"rendered":"Set of 2 notebooks &#8220;Open your Heart&#8221;"},"content":{"rendered":"<div id=\"wpmem_restricted_msg\"><p>Ce contenu est r\u00e9serv\u00e9 aux membres du site. Si vous \u00eates un utilisateur existant, veuillez vous connecter. Les nouveaux utilisateurs peuvent s\u2019inscrire ci-dessous.<\/p><\/div>","protected":false},"excerpt":{"rendered":"<p>Set of 2 notebooks &#8220;open your heart&#8221;<\/p>\n<table class=\"shop_attributes\">\n<tbody>\n<tr>\n<th>Dimensions<\/th>\n<td class=\"product_dimensions\">15 x 7cm<\/td>\n<td class=\"product_dimensions\">9 x 5cm<\/td>\n<\/tr>\n<tr>\n<th>Couleur(s)<\/th>\n<td>Rose fan\u00e9<\/td>\n<\/tr>\n<tr>\n<th>Mati\u00e8re(s)<\/th>\n<td>Papier de coton<\/td>\n<\/tr>\n<\/tbody>\n<\/table>\n","protected":false},"featured_media":79186,"template":"","meta":[],"product_brand":[],"product_cat":[402],"product_tag":[],"class_list":{"0":"post-76307","1":"product","2":"type-product","3":"status-publish","4":"has-post-thumbnail","6":"product_cat-office","8":"first","9":"instock","10":"taxable","11":"shipping-taxable","12":"product-type-simple"},"group_of_quantity":0,"min_quantity":0,"max_quantity":"","exclude_order_quantity_value_rules":"no","exclude_category_quantity_rules":"no","combine_variations":"no","_links":{"self":[{"href":"https:\/\/mercilouis.com\/en\/wp-json\/wp\/v2\/product\/76307","targetHints":{"allow":["GET"]}}],"collection":[{"href":"https:\/\/mercilouis.com\/en\/wp-json\/wp\/v2\/product"}],"about":[{"href":"https:\/\/mercilouis.com\/en\/wp-json\/wp\/v2\/types\/product"}],"version-history":[{"count":0,"href":"https:\/\/mercilouis.com\/en\/wp-json\/wp\/v2\/product\/76307\/revisions"}],"wp:featuredmedia":[{"embeddable":true,"href":"https:\/\/mercilouis.com\/en\/wp-json\/wp\/v2\/media\/79186"}],"wp:attachment":[{"href":"https:\/\/mercilouis.com\/en\/wp-json\/wp\/v2\/media?parent=76307"}],"wp:term":[{"taxonomy":"product_brand","embeddable":true,"href":"https:\/\/mercilouis.com\/en\/wp-json\/wp\/v2\/product_brand?post=76307"},{"taxonomy":"product_cat","embeddable":true,"href":"https:\/\/mercilouis.com\/en\/wp-json\/wp\/v2\/product_cat?post=76307"},{"taxonomy":"product_tag","embeddable":true,"href":"https:\/\/mercilouis.com\/en\/wp-json\/wp\/v2\/product_tag?post=76307"}],"curies":[{"name":"wp","href":"https:\/\/api.w.org\/{rel}","templated":true}]}}