{"id":76406,"date":"2023-01-31T12:42:27","date_gmt":"2023-01-31T11:42:27","guid":{"rendered":"https:\/\/mercilouis.com\/?post_type=product&#038;p=76406"},"modified":"2023-09-28T22:36:21","modified_gmt":"2023-09-28T20:36:21","slug":"pendulum-wall-sconce","status":"publish","type":"product","link":"https:\/\/mercilouis.com\/en\/produit\/pendulum-wall-sconce\/","title":{"rendered":"&#8220;Pendulum&#8221; candle wall sconce"},"content":{"rendered":"<div id=\"wpmem_restricted_msg\"><p>Ce contenu est r\u00e9serv\u00e9 aux membres du site. Si vous \u00eates un utilisateur existant, veuillez vous connecter. Les nouveaux utilisateurs peuvent s\u2019inscrire ci-dessous.<\/p><\/div>","protected":false},"excerpt":{"rendered":"<p>&#8220;Pendulum&#8221; candle wall sconce<\/p>\n","protected":false},"featured_media":79240,"template":"","meta":[],"product_brand":[],"product_cat":[403],"product_tag":[],"class_list":{"0":"post-76406","1":"product","2":"type-product","3":"status-publish","4":"has-post-thumbnail","6":"product_cat-lights","8":"first","9":"outofstock","10":"taxable","11":"shipping-taxable","12":"product-type-simple"},"group_of_quantity":0,"min_quantity":0,"max_quantity":"","exclude_order_quantity_value_rules":"no","exclude_category_quantity_rules":"no","combine_variations":"no","_links":{"self":[{"href":"https:\/\/mercilouis.com\/en\/wp-json\/wp\/v2\/product\/76406","targetHints":{"allow":["GET"]}}],"collection":[{"href":"https:\/\/mercilouis.com\/en\/wp-json\/wp\/v2\/product"}],"about":[{"href":"https:\/\/mercilouis.com\/en\/wp-json\/wp\/v2\/types\/product"}],"version-history":[{"count":0,"href":"https:\/\/mercilouis.com\/en\/wp-json\/wp\/v2\/product\/76406\/revisions"}],"wp:featuredmedia":[{"embeddable":true,"href":"https:\/\/mercilouis.com\/en\/wp-json\/wp\/v2\/media\/79240"}],"wp:attachment":[{"href":"https:\/\/mercilouis.com\/en\/wp-json\/wp\/v2\/media?parent=76406"}],"wp:term":[{"taxonomy":"product_brand","embeddable":true,"href":"https:\/\/mercilouis.com\/en\/wp-json\/wp\/v2\/product_brand?post=76406"},{"taxonomy":"product_cat","embeddable":true,"href":"https:\/\/mercilouis.com\/en\/wp-json\/wp\/v2\/product_cat?post=76406"},{"taxonomy":"product_tag","embeddable":true,"href":"https:\/\/mercilouis.com\/en\/wp-json\/wp\/v2\/product_tag?post=76406"}],"curies":[{"name":"wp","href":"https:\/\/api.w.org\/{rel}","templated":true}]}}