{"id":76510,"date":"2023-02-01T09:40:49","date_gmt":"2023-02-01T08:40:49","guid":{"rendered":"https:\/\/mercilouis.com\/?post_type=product&#038;p=76510"},"modified":"2025-07-03T15:46:34","modified_gmt":"2025-07-03T13:46:34","slug":"lace-metal-crown","status":"publish","type":"product","link":"https:\/\/mercilouis.com\/en\/produit\/lace-metal-crown\/","title":{"rendered":"&#8220;Lace&#8221; metal crown"},"content":{"rendered":"<div id=\"wpmem_restricted_msg\"><p>Ce contenu est r\u00e9serv\u00e9 aux membres du site. Si vous \u00eates un utilisateur existant, veuillez vous connecter. Les nouveaux utilisateurs peuvent s\u2019inscrire ci-dessous.<\/p><\/div>","protected":false},"excerpt":{"rendered":"<p>&#8220;Lace&#8221; metal crown<\/p>\n","protected":false},"featured_media":79293,"template":"","meta":[],"product_brand":[],"product_cat":[400],"product_tag":[],"class_list":{"0":"post-76510","1":"product","2":"type-product","3":"status-publish","4":"has-post-thumbnail","6":"product_cat-home","8":"first","9":"instock","10":"taxable","11":"shipping-taxable","12":"product-type-simple"},"group_of_quantity":0,"min_quantity":0,"max_quantity":"","exclude_order_quantity_value_rules":"no","exclude_category_quantity_rules":"no","combine_variations":"no","_links":{"self":[{"href":"https:\/\/mercilouis.com\/en\/wp-json\/wp\/v2\/product\/76510","targetHints":{"allow":["GET"]}}],"collection":[{"href":"https:\/\/mercilouis.com\/en\/wp-json\/wp\/v2\/product"}],"about":[{"href":"https:\/\/mercilouis.com\/en\/wp-json\/wp\/v2\/types\/product"}],"version-history":[{"count":0,"href":"https:\/\/mercilouis.com\/en\/wp-json\/wp\/v2\/product\/76510\/revisions"}],"wp:featuredmedia":[{"embeddable":true,"href":"https:\/\/mercilouis.com\/en\/wp-json\/wp\/v2\/media\/79293"}],"wp:attachment":[{"href":"https:\/\/mercilouis.com\/en\/wp-json\/wp\/v2\/media?parent=76510"}],"wp:term":[{"taxonomy":"product_brand","embeddable":true,"href":"https:\/\/mercilouis.com\/en\/wp-json\/wp\/v2\/product_brand?post=76510"},{"taxonomy":"product_cat","embeddable":true,"href":"https:\/\/mercilouis.com\/en\/wp-json\/wp\/v2\/product_cat?post=76510"},{"taxonomy":"product_tag","embeddable":true,"href":"https:\/\/mercilouis.com\/en\/wp-json\/wp\/v2\/product_tag?post=76510"}],"curies":[{"name":"wp","href":"https:\/\/api.w.org\/{rel}","templated":true}]}}