{"id":80147,"date":"2024-01-28T23:43:41","date_gmt":"2024-01-28T22:43:41","guid":{"rendered":"https:\/\/mercilouis.com\/?post_type=product&#038;p=80147"},"modified":"2024-08-13T15:59:51","modified_gmt":"2024-08-13T13:59:51","slug":"book-of-secrets-large-size-copie","status":"publish","type":"product","link":"https:\/\/mercilouis.com\/en\/produit\/book-of-secrets-large-size-copie\/","title":{"rendered":"&#8220;Chinese alphabet&#8221; Book of secrets &#8211; Large model"},"content":{"rendered":"<div id=\"wpmem_restricted_msg\"><p>Ce contenu est r\u00e9serv\u00e9 aux membres du site. Si vous \u00eates un utilisateur existant, veuillez vous connecter. Les nouveaux utilisateurs peuvent s\u2019inscrire ci-dessous.<\/p><\/div>","protected":false},"excerpt":{"rendered":"<p>Book of secrets &#8211; Leather and paper binding &#8211; large size<\/p>\n","protected":false},"featured_media":80149,"template":"","meta":[],"product_brand":[],"product_cat":[400,402],"product_tag":[],"class_list":{"0":"post-80147","1":"product","2":"type-product","3":"status-publish","4":"has-post-thumbnail","6":"product_cat-home","7":"product_cat-office","9":"first","10":"instock","11":"taxable","12":"shipping-taxable","13":"product-type-simple"},"group_of_quantity":0,"min_quantity":0,"max_quantity":"","exclude_order_quantity_value_rules":"no","exclude_category_quantity_rules":"no","combine_variations":"no","_links":{"self":[{"href":"https:\/\/mercilouis.com\/en\/wp-json\/wp\/v2\/product\/80147","targetHints":{"allow":["GET"]}}],"collection":[{"href":"https:\/\/mercilouis.com\/en\/wp-json\/wp\/v2\/product"}],"about":[{"href":"https:\/\/mercilouis.com\/en\/wp-json\/wp\/v2\/types\/product"}],"version-history":[{"count":0,"href":"https:\/\/mercilouis.com\/en\/wp-json\/wp\/v2\/product\/80147\/revisions"}],"wp:featuredmedia":[{"embeddable":true,"href":"https:\/\/mercilouis.com\/en\/wp-json\/wp\/v2\/media\/80149"}],"wp:attachment":[{"href":"https:\/\/mercilouis.com\/en\/wp-json\/wp\/v2\/media?parent=80147"}],"wp:term":[{"taxonomy":"product_brand","embeddable":true,"href":"https:\/\/mercilouis.com\/en\/wp-json\/wp\/v2\/product_brand?post=80147"},{"taxonomy":"product_cat","embeddable":true,"href":"https:\/\/mercilouis.com\/en\/wp-json\/wp\/v2\/product_cat?post=80147"},{"taxonomy":"product_tag","embeddable":true,"href":"https:\/\/mercilouis.com\/en\/wp-json\/wp\/v2\/product_tag?post=80147"}],"curies":[{"name":"wp","href":"https:\/\/api.w.org\/{rel}","templated":true}]}}