{"id":80226,"date":"2024-01-29T16:37:11","date_gmt":"2024-01-29T15:37:11","guid":{"rendered":"https:\/\/mercilouis.com\/?post_type=product&#038;p=80226"},"modified":"2024-08-16T17:58:41","modified_gmt":"2024-08-16T15:58:41","slug":"150-cm-topiaries-paper-ornaments","status":"publish","type":"product","link":"https:\/\/mercilouis.com\/en\/produit\/150-cm-topiaries-paper-ornaments\/","title":{"rendered":"Topiary 150 cm"},"content":{"rendered":"<div id=\"wpmem_restricted_msg\"><p>Ce contenu est r\u00e9serv\u00e9 aux membres du site. Si vous \u00eates un utilisateur existant, veuillez vous connecter. Les nouveaux utilisateurs peuvent s\u2019inscrire ci-dessous.<\/p><\/div>","protected":false},"excerpt":{"rendered":"<p>150cm &#8220;Topiaries&#8221; ornament<\/p>\n","protected":false},"featured_media":80235,"template":"","meta":[],"product_brand":[],"product_cat":[400],"product_tag":[],"class_list":{"0":"post-80226","1":"product","2":"type-product","3":"status-publish","4":"has-post-thumbnail","6":"product_cat-home","8":"first","9":"outofstock","10":"taxable","11":"shipping-taxable","12":"product-type-variable"},"group_of_quantity":0,"min_quantity":0,"max_quantity":"","exclude_order_quantity_value_rules":"no","exclude_category_quantity_rules":"no","combine_variations":"no","_links":{"self":[{"href":"https:\/\/mercilouis.com\/en\/wp-json\/wp\/v2\/product\/80226","targetHints":{"allow":["GET"]}}],"collection":[{"href":"https:\/\/mercilouis.com\/en\/wp-json\/wp\/v2\/product"}],"about":[{"href":"https:\/\/mercilouis.com\/en\/wp-json\/wp\/v2\/types\/product"}],"version-history":[{"count":0,"href":"https:\/\/mercilouis.com\/en\/wp-json\/wp\/v2\/product\/80226\/revisions"}],"wp:featuredmedia":[{"embeddable":true,"href":"https:\/\/mercilouis.com\/en\/wp-json\/wp\/v2\/media\/80235"}],"wp:attachment":[{"href":"https:\/\/mercilouis.com\/en\/wp-json\/wp\/v2\/media?parent=80226"}],"wp:term":[{"taxonomy":"product_brand","embeddable":true,"href":"https:\/\/mercilouis.com\/en\/wp-json\/wp\/v2\/product_brand?post=80226"},{"taxonomy":"product_cat","embeddable":true,"href":"https:\/\/mercilouis.com\/en\/wp-json\/wp\/v2\/product_cat?post=80226"},{"taxonomy":"product_tag","embeddable":true,"href":"https:\/\/mercilouis.com\/en\/wp-json\/wp\/v2\/product_tag?post=80226"}],"curies":[{"name":"wp","href":"https:\/\/api.w.org\/{rel}","templated":true}]}}