{"id":80269,"date":"2024-01-29T18:47:12","date_gmt":"2024-01-29T17:47:12","guid":{"rendered":"https:\/\/mercilouis.com\/?post_type=product&#038;p=80269"},"modified":"2024-10-28T09:02:07","modified_gmt":"2024-10-28T08:02:07","slug":"sun-rays-candle-holder-copie-copie","status":"publish","type":"product","link":"https:\/\/mercilouis.com\/en\/produit\/sun-rays-candle-holder-copie-copie\/","title":{"rendered":"Set of 3 organ tubes candle holders \/ vases"},"content":{"rendered":"<div id=\"wpmem_restricted_msg\"><p>Ce contenu est r\u00e9serv\u00e9 aux membres du site. Si vous \u00eates un utilisateur existant, veuillez vous connecter. Les nouveaux utilisateurs peuvent s\u2019inscrire ci-dessous.<\/p><\/div>","protected":false},"excerpt":{"rendered":"<p>Set of 3 organ tubes candle holders \/ vases<\/p>\n<table class=\"shop_attributes\">\n<tbody>\n<tr>\n<th>Dimensions<\/th>\n<td class=\"three heights\">34 \/ 29 \/ 25<\/td>\n<\/tr>\n<tr>\n<th>Couleur(s)<\/th>\n<td>Antic silver<\/td>\n<\/tr>\n<tr>\n<th>Mati\u00e8re(s)<\/th>\n<td>Metal<\/td>\n<\/tr>\n<\/tbody>\n<\/table>\n","protected":false},"featured_media":80276,"template":"","meta":[],"product_brand":[],"product_cat":[403],"product_tag":[],"class_list":{"0":"post-80269","1":"product","2":"type-product","3":"status-publish","4":"has-post-thumbnail","6":"product_cat-lights","8":"first","9":"instock","10":"taxable","11":"shipping-taxable","12":"product-type-simple"},"group_of_quantity":0,"min_quantity":0,"max_quantity":"","exclude_order_quantity_value_rules":"no","exclude_category_quantity_rules":"no","combine_variations":"no","_links":{"self":[{"href":"https:\/\/mercilouis.com\/en\/wp-json\/wp\/v2\/product\/80269","targetHints":{"allow":["GET"]}}],"collection":[{"href":"https:\/\/mercilouis.com\/en\/wp-json\/wp\/v2\/product"}],"about":[{"href":"https:\/\/mercilouis.com\/en\/wp-json\/wp\/v2\/types\/product"}],"version-history":[{"count":0,"href":"https:\/\/mercilouis.com\/en\/wp-json\/wp\/v2\/product\/80269\/revisions"}],"wp:featuredmedia":[{"embeddable":true,"href":"https:\/\/mercilouis.com\/en\/wp-json\/wp\/v2\/media\/80276"}],"wp:attachment":[{"href":"https:\/\/mercilouis.com\/en\/wp-json\/wp\/v2\/media?parent=80269"}],"wp:term":[{"taxonomy":"product_brand","embeddable":true,"href":"https:\/\/mercilouis.com\/en\/wp-json\/wp\/v2\/product_brand?post=80269"},{"taxonomy":"product_cat","embeddable":true,"href":"https:\/\/mercilouis.com\/en\/wp-json\/wp\/v2\/product_cat?post=80269"},{"taxonomy":"product_tag","embeddable":true,"href":"https:\/\/mercilouis.com\/en\/wp-json\/wp\/v2\/product_tag?post=80269"}],"curies":[{"name":"wp","href":"https:\/\/api.w.org\/{rel}","templated":true}]}}