{"id":81725,"date":"2025-07-04T21:35:45","date_gmt":"2025-07-04T19:35:45","guid":{"rendered":"https:\/\/mercilouis.com\/?post_type=product&#038;p=81725"},"modified":"2026-01-25T13:29:44","modified_gmt":"2026-01-25T12:29:44","slug":"leather-book-of-secrets-large-copie","status":"publish","type":"product","link":"https:\/\/mercilouis.com\/en\/produit\/leather-book-of-secrets-large-copie\/","title":{"rendered":"Paper block Bookend"},"content":{"rendered":"<div id=\"wpmem_restricted_msg\"><p>Ce contenu est r\u00e9serv\u00e9 aux membres du site. Si vous \u00eates un utilisateur existant, veuillez vous connecter. Les nouveaux utilisateurs peuvent s\u2019inscrire ci-dessous.<\/p><\/div>","protected":false},"excerpt":{"rendered":"<p>Paper block, Bookend<\/p>\n","protected":false},"featured_media":81727,"template":"","meta":[],"product_brand":[],"product_cat":[400,402],"product_tag":[],"class_list":{"0":"post-81725","1":"product","2":"type-product","3":"status-publish","4":"has-post-thumbnail","6":"product_cat-home","7":"product_cat-office","9":"first","10":"instock","11":"taxable","12":"shipping-taxable","13":"product-type-simple"},"group_of_quantity":0,"min_quantity":0,"max_quantity":"","exclude_order_quantity_value_rules":"no","exclude_category_quantity_rules":"no","combine_variations":"no","_links":{"self":[{"href":"https:\/\/mercilouis.com\/en\/wp-json\/wp\/v2\/product\/81725","targetHints":{"allow":["GET"]}}],"collection":[{"href":"https:\/\/mercilouis.com\/en\/wp-json\/wp\/v2\/product"}],"about":[{"href":"https:\/\/mercilouis.com\/en\/wp-json\/wp\/v2\/types\/product"}],"version-history":[{"count":3,"href":"https:\/\/mercilouis.com\/en\/wp-json\/wp\/v2\/product\/81725\/revisions"}],"predecessor-version":[{"id":81733,"href":"https:\/\/mercilouis.com\/en\/wp-json\/wp\/v2\/product\/81725\/revisions\/81733"}],"wp:featuredmedia":[{"embeddable":true,"href":"https:\/\/mercilouis.com\/en\/wp-json\/wp\/v2\/media\/81727"}],"wp:attachment":[{"href":"https:\/\/mercilouis.com\/en\/wp-json\/wp\/v2\/media?parent=81725"}],"wp:term":[{"taxonomy":"product_brand","embeddable":true,"href":"https:\/\/mercilouis.com\/en\/wp-json\/wp\/v2\/product_brand?post=81725"},{"taxonomy":"product_cat","embeddable":true,"href":"https:\/\/mercilouis.com\/en\/wp-json\/wp\/v2\/product_cat?post=81725"},{"taxonomy":"product_tag","embeddable":true,"href":"https:\/\/mercilouis.com\/en\/wp-json\/wp\/v2\/product_tag?post=81725"}],"curies":[{"name":"wp","href":"https:\/\/api.w.org\/{rel}","templated":true}]}}