{"id":81795,"date":"2025-07-17T11:48:52","date_gmt":"2025-07-17T09:48:52","guid":{"rendered":"https:\/\/mercilouis.com\/?post_type=product&#038;p=81795"},"modified":"2025-07-17T12:53:11","modified_gmt":"2025-07-17T10:53:11","slug":"7-1-flabellum-screen-with-clip-copie-2","status":"publish","type":"product","link":"https:\/\/mercilouis.com\/en\/produit\/7-1-flabellum-screen-with-clip-copie-2\/","title":{"rendered":"18cm gold edge &#8220;Flabellum&#8221; Screen with Clip"},"content":{"rendered":"<div id=\"wpmem_restricted_msg\"><p>Ce contenu est r\u00e9serv\u00e9 aux membres du site. Si vous \u00eates un utilisateur existant, veuillez vous connecter. Les nouveaux utilisateurs peuvent s\u2019inscrire ci-dessous.<\/p><\/div>","protected":false},"excerpt":{"rendered":"<p>18cm gold edge &#8220;Flabellum&#8221; screen with clip<\/p>\n","protected":false},"featured_media":81800,"template":"","meta":[],"product_brand":[],"product_cat":[403],"product_tag":[],"class_list":{"0":"post-81795","1":"product","2":"type-product","3":"status-publish","4":"has-post-thumbnail","6":"product_cat-lights","8":"first","9":"instock","10":"taxable","11":"shipping-taxable","12":"product-type-variable"},"group_of_quantity":0,"min_quantity":0,"max_quantity":"","exclude_order_quantity_value_rules":"no","exclude_category_quantity_rules":"no","combine_variations":"no","_links":{"self":[{"href":"https:\/\/mercilouis.com\/en\/wp-json\/wp\/v2\/product\/81795","targetHints":{"allow":["GET"]}}],"collection":[{"href":"https:\/\/mercilouis.com\/en\/wp-json\/wp\/v2\/product"}],"about":[{"href":"https:\/\/mercilouis.com\/en\/wp-json\/wp\/v2\/types\/product"}],"version-history":[{"count":4,"href":"https:\/\/mercilouis.com\/en\/wp-json\/wp\/v2\/product\/81795\/revisions"}],"predecessor-version":[{"id":81824,"href":"https:\/\/mercilouis.com\/en\/wp-json\/wp\/v2\/product\/81795\/revisions\/81824"}],"wp:featuredmedia":[{"embeddable":true,"href":"https:\/\/mercilouis.com\/en\/wp-json\/wp\/v2\/media\/81800"}],"wp:attachment":[{"href":"https:\/\/mercilouis.com\/en\/wp-json\/wp\/v2\/media?parent=81795"}],"wp:term":[{"taxonomy":"product_brand","embeddable":true,"href":"https:\/\/mercilouis.com\/en\/wp-json\/wp\/v2\/product_brand?post=81795"},{"taxonomy":"product_cat","embeddable":true,"href":"https:\/\/mercilouis.com\/en\/wp-json\/wp\/v2\/product_cat?post=81795"},{"taxonomy":"product_tag","embeddable":true,"href":"https:\/\/mercilouis.com\/en\/wp-json\/wp\/v2\/product_tag?post=81795"}],"curies":[{"name":"wp","href":"https:\/\/api.w.org\/{rel}","templated":true}]}}