{"id":81912,"date":"2025-09-22T01:28:06","date_gmt":"2025-09-21T23:28:06","guid":{"rendered":"https:\/\/mercilouis.com\/?post_type=product&#038;p=81912"},"modified":"2025-09-23T23:23:58","modified_gmt":"2025-09-23T21:23:58","slug":"set-of-6-foliage-ornaments-copie-3","status":"publish","type":"product","link":"https:\/\/mercilouis.com\/en\/produit\/set-of-6-foliage-ornaments-copie-3\/","title":{"rendered":"Set of 6 &#8220;chandeliers&#8221; ornaments"},"content":{"rendered":"<div id=\"wpmem_restricted_msg\"><p>Ce contenu est r\u00e9serv\u00e9 aux membres du site. Si vous \u00eates un utilisateur existant, veuillez vous connecter. Les nouveaux utilisateurs peuvent s\u2019inscrire ci-dessous.<\/p><\/div>","protected":false},"excerpt":{"rendered":"<p>Set of 6 &#8220;chandeliers&#8221; paper pendants<\/p>\n","protected":false},"featured_media":81914,"template":"","meta":[],"product_brand":[],"product_cat":[400],"product_tag":[],"class_list":{"0":"post-81912","1":"product","2":"type-product","3":"status-publish","4":"has-post-thumbnail","6":"product_cat-home","8":"first","9":"instock","10":"taxable","11":"shipping-taxable","12":"product-type-simple"},"group_of_quantity":0,"min_quantity":0,"max_quantity":"","exclude_order_quantity_value_rules":"no","exclude_category_quantity_rules":"no","combine_variations":"no","_links":{"self":[{"href":"https:\/\/mercilouis.com\/en\/wp-json\/wp\/v2\/product\/81912","targetHints":{"allow":["GET"]}}],"collection":[{"href":"https:\/\/mercilouis.com\/en\/wp-json\/wp\/v2\/product"}],"about":[{"href":"https:\/\/mercilouis.com\/en\/wp-json\/wp\/v2\/types\/product"}],"version-history":[{"count":3,"href":"https:\/\/mercilouis.com\/en\/wp-json\/wp\/v2\/product\/81912\/revisions"}],"predecessor-version":[{"id":81918,"href":"https:\/\/mercilouis.com\/en\/wp-json\/wp\/v2\/product\/81912\/revisions\/81918"}],"wp:featuredmedia":[{"embeddable":true,"href":"https:\/\/mercilouis.com\/en\/wp-json\/wp\/v2\/media\/81914"}],"wp:attachment":[{"href":"https:\/\/mercilouis.com\/en\/wp-json\/wp\/v2\/media?parent=81912"}],"wp:term":[{"taxonomy":"product_brand","embeddable":true,"href":"https:\/\/mercilouis.com\/en\/wp-json\/wp\/v2\/product_brand?post=81912"},{"taxonomy":"product_cat","embeddable":true,"href":"https:\/\/mercilouis.com\/en\/wp-json\/wp\/v2\/product_cat?post=81912"},{"taxonomy":"product_tag","embeddable":true,"href":"https:\/\/mercilouis.com\/en\/wp-json\/wp\/v2\/product_tag?post=81912"}],"curies":[{"name":"wp","href":"https:\/\/api.w.org\/{rel}","templated":true}]}}